{"id":3,"date":"2023-02-06T14:51:58","date_gmt":"2023-02-06T17:51:58","guid":{"rendered":"https:\/\/logan.com.br\/tayahnovo\/?page_id=3"},"modified":"2023-02-25T22:16:01","modified_gmt":"2023-02-26T01:16:01","slug":"politica-de-privacidade","status":"publish","type":"page","link":"https:\/\/tayah.com.br\/new\/politica-de-privacidade\/","title":{"rendered":"Pol\u00edtica de Privacidade"},"content":{"rendered":"\t\t<div data-elementor-type=\"wp-page\" data-elementor-id=\"3\" class=\"elementor elementor-3\" data-elementor-settings=\"{&quot;ha_cmc_init_switcher&quot;:&quot;no&quot;}\" data-elementor-post-type=\"page\">\n\t\t\t\t<div class=\"elementor-element elementor-element-14cf532 e-flex e-con-boxed e-con e-parent\" data-id=\"14cf532\" data-element_type=\"container\" data-e-type=\"container\" data-settings=\"{&quot;_ha_eqh_enable&quot;:false}\">\n\t\t\t\t\t<div class=\"e-con-inner\">\n\t\t<div class=\"elementor-element elementor-element-fbb9f40 e-con-full e-flex e-con e-parent\" data-id=\"fbb9f40\" data-element_type=\"container\" data-e-type=\"container\" data-settings=\"{&quot;_ha_eqh_enable&quot;:false}\">\n\t\t\t\t<div class=\"elementor-element elementor-element-56a26c6 elementor-widget elementor-widget-text-editor\" data-id=\"56a26c6\" data-element_type=\"widget\" data-e-type=\"widget\" data-widget_type=\"text-editor.default\">\n\t\t\t\t\t\t\t\t\t\n<h1 class=\"wp-block-heading\">Pol\u00edticas de Privacidade<\/h1>\n\n<p>TAYAH &amp; ADVOGADOS ASSOCIADOS preza pela privacidade de quem nos fornece Dados Pessoais. Esta Pol\u00edtica de Privacidade (&#8220;Pol\u00edtica&#8221;) descreve como e por que coletamos, armazenamos e tratamos Dados Pessoais e fornece informa\u00e7\u00f5es sobre os direitos dos titulares.<\/p>\n\n<p>Esta Pol\u00edtica se aplica a Dados Pessoais fornecidos a n\u00f3s por um indiv\u00edduo ou por terceiros. Podemos usar os Dados Pessoais fornecidos a n\u00f3s para qualquer uma das finalidades estabelecidas nesta Pol\u00edtica, ou conforme divulgado no t\u00f3pico sobre a coleta.<\/p>\n\n<h2 class=\"wp-block-heading\">Nesta Pol\u00edtica, n\u00f3s usamos os termos:<\/h2>\n\n<p>&#8220;N\u00f3s&#8221;, &#8220;nosso&#8221; e \u201cnossa\u201d (e outros termos semelhantes) para se referir a qualquer entidade que seja membro da TAYAH &amp; ADVOGADOS ASSOCIADOS, o que inclui seus s\u00f3cios, associados, estagi\u00e1rios, funcion\u00e1rios administrativos e outros membros diretamente relacionados com TAYAH &amp; ADVOGADOS ASSOCIADOS. Neste caso, TAYAH &amp; ADVOGADOS ASSOCIADOS atua como controlador de Dados Pessoais e \u00e9 respons\u00e1vel por tomar as decis\u00f5es relacionadas ao tratamento de dados dos titulares. Por esse motivo, temos a obriga\u00e7\u00e3o legal de manter um registro das opera\u00e7\u00f5es de tratamento que realizamos, indicando a finalidade, o per\u00edodo, as garantias de seguran\u00e7a, a privacidade e os registros de consentimento (conforme aplic\u00e1vel);<\/p>\n\n<p>\u201cDados Pessoais\u201d para se referir a qualquer informa\u00e7\u00e3o relativa a uma pessoa f\u00edsica identificada ou identific\u00e1vel, que pode ser identificada, direta ou indiretamente; e,\u201cVoc\u00ea\u201d, \u201cseu\u201d e \u201csua\u201d (e outros termos semelhantes) para se referir a nossos clientes, indiv\u00edduos relacionados a nossos clientes, contatos, fornecedores, candidatos a vagas de emprego, funcion\u00e1rios e visitantes do site TAYAH &amp; ADVOGADOS ASSOCIADOS,\u00a0<a href=\"http:\/\/www.tayah.com.br\/\">www.tayah.com.br<\/a>. Neste caso, voc\u00ea \u00e9 o titular dos dados e, por esse motivo, possui alguns direitos que descreveremos a seguir.<\/p>\n\n<h4 class=\"wp-block-heading\">Base legal para o tratamento<\/h4>\n\n<p>N\u00f3s, da TAYAH &amp; ADVOGADOS ASSOCIADOS, como controladores, apenas trataremos Dados Pessoais quando tivermos uma fundamenta\u00e7\u00e3o legal para faz\u00ea-lo. A base legal para nosso tratamento de Dados Pessoais ser\u00e1 uma das seguintes:<\/p>\n\n<p>(i) o titular nos deu seu consentimento para o tratamento dos seus Dados Pessoais para um ou mais fins espec\u00edficos;<\/p>\n\n<p>(ii) o tratamento \u00e9 necess\u00e1rio para o cumprimento de um contrato que firmamos ou firmaremos com voc\u00ea;<\/p>\n\n<p>(iii) o tratamento \u00e9 necess\u00e1rio para alcan\u00e7ar nossos leg\u00edtimos interesses; ou,<\/p>\n\n<p>(iv) o tratamento \u00e9 necess\u00e1rio para cumprir com uma obriga\u00e7\u00e3o legal.<\/p>\n\n<h4 class=\"wp-block-heading\">Seus direitos em rela\u00e7\u00e3o aos Dados Pessoais<\/h4>\n\n<p>Em determinadas circunst\u00e2ncias, voc\u00ea, como titular dos Dados Pessoais, poder\u00e1 exercer os seguintes direitos:<\/p>\n\n<p>(i) confirmar se estamos tratando quaisquer Dados Pessoais relacionados com voc\u00ea;<\/p>\n\n<p>(ii) solicitar que divulguemos ou lhe forne\u00e7amos acesso, de forma clara, adequada e ostensiva, \u00e0s informa\u00e7\u00f5es relativas ao tratamento de seus Dados Pessoais, bem como dados espec\u00edficos que coletamos sobre voc\u00ea;<\/p>\n\n<p>(iii) saber as categorias de fontes das quais coletamos seus Dados Pessoais, a finalidade de seu tratamento, o per\u00edodo durante o qual ser\u00e3o armazenados e as categorias de terceiros com os quais compartilhamos seus Dados Pessoais;<\/p>\n\n<p>(iv) ter corrigida qualquer informa\u00e7\u00e3o incorreta, incompleta ou desatualizada que tenhamos sobre seus Dados Pessoais;<\/p>\n\n<p>(v) solicitar, a qualquer momento, a elimina\u00e7\u00e3o de seus Dados Pessoais, exceto se esse pedido for contra as obriga\u00e7\u00f5es de reten\u00e7\u00e3o detalhadas abaixo;<\/p>\n\n<p>(vi) solicitar, a qualquer momento, a anonimiza\u00e7\u00e3o ou o bloqueio de seus Dados Pessoais que n\u00e3o sejam necess\u00e1rios ou tratados em conformidade com a lei;<\/p>\n\n<p>(vii) ser informado, caso haja, sobre as entidades p\u00fablicas e privadas com as quais compartilhamos seus Dados Pessoais; e,<\/p>\n\n<p>(viii) revogar seu consentimento, a qualquer momento, quanto ao tratamento de seus Dados Pessoais.<\/p>\n\n<p>Al\u00e9m disso, caso voc\u00ea n\u00e3o queira mais receber nenhum material de marketing nosso, use a op\u00e7\u00e3o de cancelar a assinatura (que est\u00e1 dispon\u00edvel em todos os nossos e-mails de marketing para voc\u00ea) ou entre em contato conosco pelo e-mail:\u00a0<a href=\"mailto:atendimento2@tayah.com.br\">atendimento2@tayah.com.br<\/a><\/p>\n\n<p>Para exercer os direitos que a Lei Geral de Prote\u00e7\u00e3o de Dados prev\u00ea a voc\u00ea e esclarecer quaisquer d\u00favidas sobre como coletamos, armazenamos e usamos seus Dados Pessoais, entre em contato conosco em\u00a0<a href=\"mailto:atendimento2@tayah.com.br\">atendimento2@tayah.com.br<\/a>. Teremos o maior prazer em esclarecer quaisquer perguntas.<\/p>\n\n<h4 class=\"wp-block-heading\">Dados Pessoais coletados<\/h4>\n\n<p>Nosso objetivo \u00e9 ser transparente sobre por que e como tratamos Dados Pessoais. Por isso, se em algum momento precisarmos tratar seus Dados Pessoais para qualquer outra finalidade que n\u00e3o esteja descrita aqui, solicitaremos seu consentimento antes de prosseguir, a menos que o tratamento seja necess\u00e1rio para cumprir com uma obriga\u00e7\u00e3o legal ou para atender aos nossos leg\u00edtimos interesses. De qualquer forma, abaixo voc\u00ea encontra mais informa\u00e7\u00f5es sobre nossas atividades de tratamento:<\/p>\n\n<h4 class=\"wp-block-heading\">Dados Coletados<\/h4>\n\n<p><strong>Clientes<\/strong><\/p>\n\n<p>Nome, endere\u00e7o de e-mail, n\u00famero de telefone fixo e celular, e outras informa\u00e7\u00f5es que voc\u00ea nos fornece que estejam relacionadas ao projeto que podemos desenvolver em conjunto.<\/p>\n\n<p><strong>Finalidades<\/strong><\/p>\n\n<p>Conceder acesso a nossos servi\u00e7os com base nas informa\u00e7\u00f5es que voc\u00ea forneceu.<\/p>\n\n<p>Presta\u00e7\u00e3o de servi\u00e7os jur\u00eddicos: usaremos e divulgaremos Dados Pessoais da maneira que entendermos como necess\u00e1ria para prestar nossos servi\u00e7os. Por exemplo, podemos precisar instruir um advogado, no exterior, em seu nome (incluindo a forma de lhe contatar),para entrar em contato com outros prestadores de servi\u00e7os em rela\u00e7\u00e3o a assuntos que estamos tratando ou porque precisamos contatar a parte contr\u00e1ria em um assunto que voc\u00ea nos instruiu.<\/p>\n\n<p>Administra\u00e7\u00e3o: para cobrar nossos honor\u00e1rios ou custos em rela\u00e7\u00e3o aos nossos servi\u00e7os.<\/p>\n\n<p>Gerenciar relacionamentos com clientes: fornecer aos clientes informa\u00e7\u00f5es sobre nossos servi\u00e7os e atualiza\u00e7\u00f5es legais que consideramos relevantes; organizar e realizar eventos; e identificar pontos nos quais podemos fazer melhorias na presta\u00e7\u00e3o de servi\u00e7os.<\/p>\n\n<p>Integra\u00e7\u00e3o com o cliente: como parte do nosso processo de integra\u00e7\u00e3o com o cliente, realizamos certas pesquisas de antecedentes para verificar se existem quaisquer problemas em potencial que possam significar empecilhos ao trabalhar com uma pessoa em particular (para identificar condena\u00e7\u00f5es criminais, pessoas politicamente expostas, san\u00e7\u00f5es ou outros problemas de reputa\u00e7\u00e3o).<\/p>\n\n<p><strong>Visitantes do Site<\/strong><\/p>\n\n<p>Hist\u00f3rico de navega\u00e7\u00e3o (p\u00e1ginas acessadas, data, hora, local e endere\u00e7o de IP),sempre que acessar o site.<\/p>\n\n<p>Nome, endere\u00e7o de e-mail, n\u00fameros de telefones, e outras informa\u00e7\u00f5es de contato comercial.<\/p>\n\n<p><strong>Finalidades<\/strong><\/p>\n\n<p>Conceder acesso a nossos servi\u00e7os com base nas informa\u00e7\u00f5es que voc\u00ea forneceu.<\/p>\n\n<p>Garantir a seguran\u00e7a de suas informa\u00e7\u00f5es; evitar fraudes, acessos n\u00e3o autorizados e outros usos inadequados ou il\u00edcitos de suas informa\u00e7\u00f5es.<\/p>\n\n<p>Desenvolver e melhorar nossos m\u00e9todos de comunica\u00e7\u00e3o, servi\u00e7os e outras funcionalidades do site.<\/p>\n\n<p>Tamb\u00e9m usamos cookies em nosso site para oferecer a voc\u00ea uma experi\u00eancia mais personalizada no futuro, entendendo e lembrando suas prefer\u00eancias de navega\u00e7\u00e3o espec\u00edficas. Essas informa\u00e7\u00f5es n\u00e3o ser\u00e3o compartilhadas com terceiros sem seu consentimento e ser\u00e3o eliminadas ou anonimizadas, em caso de n\u00e3o utiliza\u00e7\u00e3o, para o cumprimento de obriga\u00e7\u00f5es legais.<\/p>\n\n<p>Conceder acesso a nossos servi\u00e7os com base nas informa\u00e7\u00f5es que voc\u00ea forneceu.<\/p>\n\n<p>Entrar em contato, caso voc\u00ea solicite informa\u00e7\u00f5es sobre nossos servi\u00e7os.<\/p>\n\n<p>Fornecer a voc\u00ea informa\u00e7\u00f5es relacionadas a nosso site e lhe manter informado sobre nossos servi\u00e7os, altera\u00e7\u00f5es nesta Pol\u00edtica ou em sua conta.<\/p>\n\n<p>Para fins de contato e comunica\u00e7\u00e3o: enviaremos atualiza\u00e7\u00f5es jur\u00eddicas de tempos em tempos, not\u00edcias sobre eventos que estamos organizando ou participando e\/ou outras informa\u00e7\u00f5es sobre n\u00f3s e nossos servi\u00e7os que acreditamos ser de seu interesse.<\/p>\n\n<p>Tamb\u00e9m podemos usar seus Dados Pessoais para realizar an\u00e1lises, como tend\u00eancias de vendas, efic\u00e1cia de marketing (como taxas de cliques e aberturas) e progresso. Essas informa\u00e7\u00f5es n\u00e3o ser\u00e3o compartilhadas com terceiros sem seu consentimento e ser\u00e3o eliminadas ou anonimizadas, em caso de n\u00e3o utiliza\u00e7\u00e3o, para o cumprimento de obriga\u00e7\u00f5es legais.<\/p>\n\n<p><strong>Candidatos a Vagas de Emprego<\/strong><\/p>\n\n<p>Nome, endere\u00e7o de e-mail, n\u00famero de telefone e outras informa\u00e7\u00f5es de contato comercial, bem como seu curr\u00edculo, podem ser coletadas ao se candidatar virtualmente.<\/p>\n\n<p><strong>Finalidades<\/strong><\/p>\n\n<p>Conceder acesso a nossos servi\u00e7os com base nas informa\u00e7\u00f5es que voc\u00ea forneceu.<\/p>\n\n<p>Entrar em contato, caso necessite de qualquer ajuda enquanto navega pela nossa p\u00e1gina na internet ou utiliza nossos servi\u00e7os.<\/p>\n\n<p>Entrar em contato com voc\u00ea sobre oportunidades de emprego que lhe possam interessar e enviar propostas de trabalho.<\/p>\n\n<p>Convidar voc\u00ea para participar de entrevistas.<\/p>\n\n<p>Armazenar seu curr\u00edculo em nosso banco de dados para futuras oportunidades, caso seja de seu interesse receber alerta futuros.<\/p>\n\n<h4 class=\"wp-block-heading\">Por quanto tempo podemos manter seus Dados Pessoais?<\/h4>\n\n<p>Os Dados Pessoais s\u00e3o armazenados pelo tempo que for necess\u00e1rio para as finalidades descritas acima (sendo essa a dura\u00e7\u00e3o de nosso relacionamento).<\/p>\n\n<p>Podemos eliminar suas informa\u00e7\u00f5es de contato de nosso banco de dados, bem como seus Dados Pessoais, dependendo de seu requerimento. No entanto, se voc\u00ea optar por n\u00e3o receber materiais de marketing, seus Dados Pessoais ainda ser\u00e3o armazenados (pois nossos advogados ainda podem lhe contatar),mas os materiais de marketing n\u00e3o ser\u00e3o mais enviados.<\/p>\n\n<p>Temos a obriga\u00e7\u00e3o legal de armazenar os registros de acesso (ou seja, as datas e hor\u00e1rios em que um aplicativo foi usado, a partir de um determinado endere\u00e7o de IP) de nosso site por um per\u00edodo de 6 meses, sujeito \u00e0 prorroga\u00e7\u00e3o, mediante solicita\u00e7\u00e3o das autoridades competentes.<\/p>\n\n<p>Al\u00e9m disso, tamb\u00e9m somos obrigados a armazenar evid\u00eancias de seu consentimento para o tratamento de Dados Pessoais durante a vig\u00eancia de nossa rela\u00e7\u00e3o comercial.<\/p>\n\n<h4 class=\"wp-block-heading\">Quem mais pode ter acesso a seus Dados Pessoais?<\/h4>\n\n<p>Voc\u00ea reconhece e consente que talvez precisemos compartilhar seus Dados Pessoais com terceiros. Somente compartilharemos Dados Pessoais se formos e estivermos legalmente autorizados a faz\u00ea-lo.<\/p>\n\n<p>Ao nos fornecer Dados Pessoais, como cliente, voc\u00ea reconhece e consente que podemos compartilhar seus Dados Pessoais da maneira que acreditarmos ser necess\u00e1ria para prestar nossos servi\u00e7os, conforme descrito nesta Pol\u00edtica ou exigido pela legisla\u00e7\u00e3o aplic\u00e1vel. Isso pode ocorrer porque, por exemplo, podemos compartilhar seus Dados Pessoais a terceiros:<\/p>\n\n<ul class=\"wp-block-list\">\n<li>como parceiros de neg\u00f3cios, prestadores de servi\u00e7os e outros terceiros filiados: a fim de prestar nossos servi\u00e7os a voc\u00ea, podemos precisar compartilhar seus Dados Pessoais com nossos parceiros de neg\u00f3cios (incluindo outros profissionais, como contadores ou auditores),prestadores de servi\u00e7os externos e\/ou advogados no exterior. Nossos acordos com prestadores de servi\u00e7os externos cobrem atualmente o fornecimento de servi\u00e7os de suporte, incluindo TI, gerenciamento de eventos, produ\u00e7\u00e3o de documentos, pesquisa comercial e jur\u00eddica, servi\u00e7os de secretariado, marketing e desenvolvimento de neg\u00f3cios e gerenciamento de instala\u00e7\u00f5es; ou,<\/li>\n\n<li>por obriga\u00e7\u00f5es legais ou regulamentares: em determinadas circunst\u00e2ncias, podemos ser obrigados a compartilhar Dados Pessoais de acordo com a lei ou o regulamento aplic\u00e1vel, incluindo ag\u00eancias reguladoras e procedimentos legais.<\/li>\n<\/ul>\n\n<p>Transfer\u00eancias internacionais de Dados Pessoais (incluindo para provedores de servi\u00e7os terceirizados)<\/p>\n\n<p>Talvez necessitemos transferir seus Dados Pessoais para escrit\u00f3rios de advocacia filiados, localizados no exterior, a fim de prestar a voc\u00ea os servi\u00e7os necess\u00e1rios. N\u00e3o transferiremos seus Dados Pessoais a terceiros localizados no exterior sem seu pr\u00e9vio e expresso consentimento.<\/p>\n\n<p><strong>Cookies<\/strong><\/p>\n\n<p>Um cookie \u00e9 um pequeno arquivo de texto colocado em seu computador ou em seu dispositivo m\u00f3vel quando voc\u00ea visita um site, que nos permite:<\/p>\n\n<p>(i) reconhecer seu computador;<\/p>\n\n<p>(ii) armazenar suas prefer\u00eancias e configura\u00e7\u00f5es;<\/p>\n\n<p>(iii) compreender as p\u00e1ginas da internet que voc\u00ea visitou;<\/p>\n\n<p>(iv) aprimorar a experi\u00eancia do usu\u00e1rio, entregando e medindo a efic\u00e1cia do conte\u00fado; e<\/p>\n\n<p>(v) auxiliar nas fun\u00e7\u00f5es de seguran\u00e7a e administrativas.<\/p>\n\n<p>Alguns cookies s\u00e3o colocados no cache do navegador, enquanto aqueles associados \u00e0s tecnologias Flash s\u00e3o armazenados com os arquivos do Adobe Flash Player. Ao consentir com esta Pol\u00edtica, voc\u00ea concorda que podemos usar cookies para melhorar sua experi\u00eancia de navega\u00e7\u00e3o em nosso site.<\/p>\n\n<p><strong>Links para outros sites<\/strong><\/p>\n\n<p>O site da TAYAH &amp; ADVOGADOS ASSOCIADOS,\u00a0<a href=\"http:\/\/www.tayah.com.br\/\">www.tayah.com.br<\/a>, pode conter links para outros sites de terceiros n\u00e3o filiados. Observe que TAYAH &amp; ADVOGADOS ASSOCIADOS n\u00e3o \u00e9 e n\u00e3o pode controlar ou ser o respons\u00e1vel pelo conte\u00fado ou pelas pr\u00e1ticas de privacidade e confidencialidade de quaisquer sites de terceiros. Voc\u00ea deve sempre revisar cuidadosamente a pol\u00edtica de privacidade de qualquer site de terceiro que possa visitar, a fim de compreender como os operadores desse site podem coletar, armazenar e usar seus Dados Pessoais.<\/p>\n\n<p><strong>Atualiza\u00e7\u00f5es desta Pol\u00edtica<\/strong><\/p>\n\n<p>Esta Pol\u00edtica foi atualizada pela \u00faltima vez na data indicada abaixo. Informaremos voc\u00ea sempre que houver uma altera\u00e7\u00e3o material nesta Pol\u00edtica de Privacidade.<\/p>\n\n<p><strong>Reclama\u00e7\u00f5es<\/strong><\/p>\n\n<p>Embora esperemos que voc\u00ea n\u00e3o precise fazer isso, se voc\u00ea quiser reclamar sobre nosso uso de Dados Pessoais, envie uma mensagem de e-mail para\u00a0<a href=\"mailto:atendimento2@tayah.com.br\">atendimento2@tayah.com.br<\/a>, detalhando sua reclama\u00e7\u00e3o.<\/p>\n\n<p><strong>Contato<\/strong><\/p>\n\n<p>Se voc\u00ea ainda tiver alguma d\u00favida a respeito da finalidade para a qual utilizamos seus Dados Pessoais ou se tiver alguma cr\u00edtica e\/ou sugest\u00e3o, n\u00e3o hesite em entrar em contato conosco atrav\u00e9s dos canais abaixo:<\/p>\n\n<p>E-mail:\u00a0<a href=\"mailto:atendimento2@tayah.com.br\">atendimento2@tayah.com.br<\/a><br \/>Telefone: <a href=\"tel:552121117757\">(21) 2111-7757<\/a>\u00a0\/\u00a0<a href=\"tel:5521998917757\">(21) 99891-7757<\/a><br \/>Endere\u00e7o postal: Av. Gra\u00e7a Aranha, 206 \u2013 Gr 310 \u2013 Centro\/Rio de Janeiro-RJ &#8211; 20.031-001<\/p>\n\n<p><em>\u00daltima atualiza\u00e7\u00e3o: Fevereiro\/2023<\/em><\/p>\n\t\t\t\t\t\t\t\t<\/div>\n\t\t\t\t<\/div>\n\t\t\t\t\t<\/div>\n\t\t\t\t<\/div>\n\t\t\t\t<\/div>\n\t\t","protected":false},"excerpt":{"rendered":"<p>Pol\u00edticas de Privacidade TAYAH &amp; ADVOGADOS ASSOCIADOS preza pela privacidade de quem nos fornece Dados Pessoais. Esta Pol\u00edtica de Privacidade (&#8220;Pol\u00edtica&#8221;) descreve como e por que coletamos, armazenamos e tratamos Dados Pessoais e fornece informa\u00e7\u00f5es sobre os direitos dos titulares. Esta Pol\u00edtica se aplica a Dados Pessoais fornecidos a n\u00f3s por um indiv\u00edduo ou por [&hellip;]<\/p>\n","protected":false},"author":1,"featured_media":0,"parent":0,"menu_order":0,"comment_status":"closed","ping_status":"closed","template":"","meta":{"_joinchat":[],"footnotes":""},"class_list":["post-3","page","type-page","status-publish","hentry"],"_links":{"self":[{"href":"https:\/\/tayah.com.br\/new\/wp-json\/wp\/v2\/pages\/3","targetHints":{"allow":["GET"]}}],"collection":[{"href":"https:\/\/tayah.com.br\/new\/wp-json\/wp\/v2\/pages"}],"about":[{"href":"https:\/\/tayah.com.br\/new\/wp-json\/wp\/v2\/types\/page"}],"author":[{"embeddable":true,"href":"https:\/\/tayah.com.br\/new\/wp-json\/wp\/v2\/users\/1"}],"replies":[{"embeddable":true,"href":"https:\/\/tayah.com.br\/new\/wp-json\/wp\/v2\/comments?post=3"}],"version-history":[{"count":48,"href":"https:\/\/tayah.com.br\/new\/wp-json\/wp\/v2\/pages\/3\/revisions"}],"predecessor-version":[{"id":2439,"href":"https:\/\/tayah.com.br\/new\/wp-json\/wp\/v2\/pages\/3\/revisions\/2439"}],"wp:attachment":[{"href":"https:\/\/tayah.com.br\/new\/wp-json\/wp\/v2\/media?parent=3"}],"curies":[{"name":"wp","href":"https:\/\/api.w.org\/{rel}","templated":true}]}}